{"id":1197,"date":"2026-03-25T09:25:23","date_gmt":"2026-03-25T09:25:23","guid":{"rendered":"https:\/\/strike11.com\/blockerad-forfragan\/"},"modified":"2026-03-25T09:27:05","modified_gmt":"2026-03-25T09:27:05","slug":"blockerad-forfragan","status":"publish","type":"page","link":"https:\/\/strike11.com\/sv\/blockerad-forfragan\/","title":{"rendered":"Blockerad f\u00f6rfr\u00e5gan"},"content":{"rendered":"<p>Skadlig beg\u00e4ran uppt\u00e4cktes<\/p>\n<\/p>\n<p>Skyddas av <strong><a href=\"https:\/\/codecanyon.net\/item\/wp-guard-wordpress-security-firewall-antispam\/23753284?ref=Antonov_WEB\" target=\"_blank\">WPGuard<\/a><\/strong><\/p>\n","protected":false},"excerpt":{"rendered":"<p>Skadlig beg\u00e4ran uppt\u00e4cktes Skyddas av WPGuard<\/p>\n","protected":false},"author":1,"featured_media":0,"parent":0,"menu_order":0,"comment_status":"closed","ping_status":"closed","template":"","meta":{"footnotes":""},"class_list":["post-1197","page","type-page","status-publish","hentry","entry","no-media"],"_links":{"self":[{"href":"https:\/\/strike11.com\/sv\/wp-json\/wp\/v2\/pages\/1197","targetHints":{"allow":["GET"]}}],"collection":[{"href":"https:\/\/strike11.com\/sv\/wp-json\/wp\/v2\/pages"}],"about":[{"href":"https:\/\/strike11.com\/sv\/wp-json\/wp\/v2\/types\/page"}],"author":[{"embeddable":true,"href":"https:\/\/strike11.com\/sv\/wp-json\/wp\/v2\/users\/1"}],"replies":[{"embeddable":true,"href":"https:\/\/strike11.com\/sv\/wp-json\/wp\/v2\/comments?post=1197"}],"version-history":[{"count":1,"href":"https:\/\/strike11.com\/sv\/wp-json\/wp\/v2\/pages\/1197\/revisions"}],"predecessor-version":[{"id":1198,"href":"https:\/\/strike11.com\/sv\/wp-json\/wp\/v2\/pages\/1197\/revisions\/1198"}],"wp:attachment":[{"href":"https:\/\/strike11.com\/sv\/wp-json\/wp\/v2\/media?parent=1197"}],"curies":[{"name":"wp","href":"https:\/\/api.w.org\/{rel}","templated":true}]}}