{"id":1195,"date":"2026-03-25T09:25:24","date_gmt":"2026-03-25T09:25:24","guid":{"rendered":"https:\/\/strike11.com\/forbjuden-referent\/"},"modified":"2026-03-25T09:25:24","modified_gmt":"2026-03-25T09:25:24","slug":"forbjuden-referent","status":"publish","type":"page","link":"https:\/\/strike11.com\/sv\/forbjuden-referent\/","title":{"rendered":"F\u00f6rbjuden referent"},"content":{"rendered":"<p>Din refererande webbadress \u00e4r blockerad och du kan inte forts\u00e4tta till webbplatsen<\/p>\n<\/p>\n<p>Skyddas av <strong><a href=\"https:\/\/codecanyon.net\/item\/wp-guard-wordpress-security-firewall-antispam\/23753284?ref=Antonov_WEB\" target=\"_blank\">WPGuard<\/a><\/strong><\/p>\n","protected":false},"excerpt":{"rendered":"<p>Din refererande webbadress \u00e4r blockerad och du kan inte forts\u00e4tta till webbplatsen Skyddas av WPGuard<\/p>\n","protected":false},"author":1,"featured_media":0,"parent":0,"menu_order":0,"comment_status":"closed","ping_status":"closed","template":"","meta":{"footnotes":""},"class_list":["post-1195","page","type-page","status-publish","hentry","entry","no-media"],"_links":{"self":[{"href":"https:\/\/strike11.com\/sv\/wp-json\/wp\/v2\/pages\/1195","targetHints":{"allow":["GET"]}}],"collection":[{"href":"https:\/\/strike11.com\/sv\/wp-json\/wp\/v2\/pages"}],"about":[{"href":"https:\/\/strike11.com\/sv\/wp-json\/wp\/v2\/types\/page"}],"author":[{"embeddable":true,"href":"https:\/\/strike11.com\/sv\/wp-json\/wp\/v2\/users\/1"}],"replies":[{"embeddable":true,"href":"https:\/\/strike11.com\/sv\/wp-json\/wp\/v2\/comments?post=1195"}],"version-history":[{"count":0,"href":"https:\/\/strike11.com\/sv\/wp-json\/wp\/v2\/pages\/1195\/revisions"}],"wp:attachment":[{"href":"https:\/\/strike11.com\/sv\/wp-json\/wp\/v2\/media?parent=1195"}],"curies":[{"name":"wp","href":"https:\/\/api.w.org\/{rel}","templated":true}]}}