{"id":1192,"date":"2026-03-25T09:25:23","date_gmt":"2026-03-25T09:25:23","guid":{"rendered":"https:\/\/strike11.com\/forbjudet-os\/"},"modified":"2026-03-25T09:25:23","modified_gmt":"2026-03-25T09:25:23","slug":"forbjudet-os","status":"publish","type":"page","link":"https:\/\/strike11.com\/sv\/forbjudet-os\/","title":{"rendered":"F\u00f6rbjudet OS"},"content":{"rendered":"<p>\u00c5tkomst till webbplatsen via ditt operativsystem \u00e4r inte till\u00e5tet<\/p>\n<\/p>\n<p>Skyddas av <strong><a href=\"https:\/\/codecanyon.net\/item\/wp-guard-wordpress-security-firewall-antispam\/23753284?ref=Antonov_WEB\" target=\"_blank\">WPGuard<\/a><\/strong><\/p>\n","protected":false},"excerpt":{"rendered":"<p>\u00c5tkomst till webbplatsen via ditt operativsystem \u00e4r inte till\u00e5tet Skyddas av WPGuard<\/p>\n","protected":false},"author":1,"featured_media":0,"parent":0,"menu_order":0,"comment_status":"closed","ping_status":"closed","template":"","meta":{"footnotes":""},"class_list":["post-1192","page","type-page","status-publish","hentry","entry","no-media"],"_links":{"self":[{"href":"https:\/\/strike11.com\/sv\/wp-json\/wp\/v2\/pages\/1192","targetHints":{"allow":["GET"]}}],"collection":[{"href":"https:\/\/strike11.com\/sv\/wp-json\/wp\/v2\/pages"}],"about":[{"href":"https:\/\/strike11.com\/sv\/wp-json\/wp\/v2\/types\/page"}],"author":[{"embeddable":true,"href":"https:\/\/strike11.com\/sv\/wp-json\/wp\/v2\/users\/1"}],"replies":[{"embeddable":true,"href":"https:\/\/strike11.com\/sv\/wp-json\/wp\/v2\/comments?post=1192"}],"version-history":[{"count":0,"href":"https:\/\/strike11.com\/sv\/wp-json\/wp\/v2\/pages\/1192\/revisions"}],"wp:attachment":[{"href":"https:\/\/strike11.com\/sv\/wp-json\/wp\/v2\/media?parent=1192"}],"curies":[{"name":"wp","href":"https:\/\/api.w.org\/{rel}","templated":true}]}}