{"id":1191,"date":"2026-03-25T09:25:23","date_gmt":"2026-03-25T09:25:23","guid":{"rendered":"https:\/\/strike11.com\/forbjuden-webblasare\/"},"modified":"2026-03-25T09:25:23","modified_gmt":"2026-03-25T09:25:23","slug":"forbjuden-webblasare","status":"publish","type":"page","link":"https:\/\/strike11.com\/sv\/forbjuden-webblasare\/","title":{"rendered":"F\u00f6rbjuden webbl\u00e4sare"},"content":{"rendered":"<p>\u00c5tkomst till webbplatsen via din webbl\u00e4sare \u00e4r inte till\u00e5ten, v\u00e4nligen anv\u00e4nd en annan webbl\u00e4sare<\/p>\n<\/p>\n<p>Skyddas av <strong><a href=\"https:\/\/codecanyon.net\/item\/wp-guard-wordpress-security-firewall-antispam\/23753284?ref=Antonov_WEB\" target=\"_blank\">WPGuard<\/a><\/strong><\/p>\n","protected":false},"excerpt":{"rendered":"<p>\u00c5tkomst till webbplatsen via din webbl\u00e4sare \u00e4r inte till\u00e5ten, v\u00e4nligen anv\u00e4nd en annan webbl\u00e4sare Skyddas av WPGuard<\/p>\n","protected":false},"author":1,"featured_media":0,"parent":0,"menu_order":0,"comment_status":"closed","ping_status":"closed","template":"","meta":{"footnotes":""},"class_list":["post-1191","page","type-page","status-publish","hentry","entry","no-media"],"_links":{"self":[{"href":"https:\/\/strike11.com\/sv\/wp-json\/wp\/v2\/pages\/1191","targetHints":{"allow":["GET"]}}],"collection":[{"href":"https:\/\/strike11.com\/sv\/wp-json\/wp\/v2\/pages"}],"about":[{"href":"https:\/\/strike11.com\/sv\/wp-json\/wp\/v2\/types\/page"}],"author":[{"embeddable":true,"href":"https:\/\/strike11.com\/sv\/wp-json\/wp\/v2\/users\/1"}],"replies":[{"embeddable":true,"href":"https:\/\/strike11.com\/sv\/wp-json\/wp\/v2\/comments?post=1191"}],"version-history":[{"count":0,"href":"https:\/\/strike11.com\/sv\/wp-json\/wp\/v2\/pages\/1191\/revisions"}],"wp:attachment":[{"href":"https:\/\/strike11.com\/sv\/wp-json\/wp\/v2\/media?parent=1191"}],"curies":[{"name":"wp","href":"https:\/\/api.w.org\/{rel}","templated":true}]}}