{"id":1017,"date":"2021-10-19T04:28:58","date_gmt":"2021-10-19T03:28:58","guid":{"rendered":"https:\/\/strike11.com\/404-sida\/"},"modified":"2024-06-04T09:07:39","modified_gmt":"2024-06-04T08:07:39","slug":"404-sida","status":"publish","type":"page","link":"https:\/\/strike11.com\/sv\/404-sida\/","title":{"rendered":"404 sida"},"content":{"rendered":"[vc_row full_width=&#8221;stretch_row&#8221; full_height=&#8221;yes&#8221; remove_bottom_col_margin=&#8221;true&#8221; el_class=&#8221;wpex-bg-accent&#8221; css=&#8221;.vc_custom_1634621000845{padding-top: 140px !important;padding-bottom: 140px !important;}&#8221;][vc_column]<h1 class=\"vcex-heading vcex-module wpex-text-2xl wpex-font-normal wpex-m-auto wpex-max-w-100 vcex-heading-plain wpex-block wpex-text-center wpex-responsive-txt\" data-max-font-size=\"50\" data-min-font-size=\"20\" style=\"color:#ffffff;font-size:50px;\"><span class=\"vcex-heading-inner wpex-inline-block wpex-clr\">Sidan hittades inte<\/span><\/h1><div class=\"vcex-spacing wpex-w-100 wpex-clear\" style=\"height:20px;\"><\/div>[vc_column_text color=&#8221;#ffffff&#8221; text_align=&#8221;center&#8221; align=&#8221;center&#8221; width=&#8221;550px&#8221;]Tyv\u00e4rr, den sida du s\u00f6ker finns inte eller har flyttats. H\u00e4r \u00e4r n\u00e5gra anv\u00e4ndbara l\u00e4nkar:[\/vc_column_text]<div class=\"vcex-spacing wpex-w-100 wpex-clear\" style=\"height:30px;\"><\/div><style>.vcex-flex-container_69f85e6276295{gap:15px;}<\/style><div class=\"vcex-flex-container vcex-module wpex-flex wpex-gap-20 wpex-flex-wrap wpex-items-center wpex-justify-center vcex-flex-container_69f85e6276295\"><a href=\"#\" class=\"vcex-button theme-button minimal-border white inline wpex-go-back\" style=\"border:1px solid rgba(255,255,255,0.2);border-radius:9999px;\" data-wpex-hover='{&quot;background&quot;:&quot;#4230dd&quot;,&quot;color&quot;:&quot;#ffffff&quot;}'><span class=\"theme-button-inner\"><span class=\"vcex-icon-wrap theme-button-icon-left\"><span class=\"ticon ticon-angle-left\" aria-hidden=\"true\"><\/span><\/span>G\u00e5 tillbaka<\/span><\/a> <a href=\"https:\/\/strike11.com\/\" class=\"vcex-button theme-button white inline\"><span class=\"theme-button-inner\">Ta mig hem<\/span><\/a> <\/div>[\/vc_column][\/vc_row]\n","protected":false},"excerpt":{"rendered":"<p>[vc_row full_width=&#8221;stretch_row&#8221; full_height=&#8221;yes&#8221; remove_bottom_col_margin=&#8221;true&#8221; el_class=&#8221;wpex-bg-accent&#8221; css=&#8221;.vc_custom_1634621000845{padding-top: 140px !important;padding-bottom: 140px !important;}&#8221;][vc_column][vc_column_text color=&#8221;#ffffff&#8221; text_align=&#8221;center&#8221; align=&#8221;center&#8221; width=&#8221;550px&#8221;]Tyv\u00e4rr, den sida du s\u00f6ker finns inte eller har flyttats. H\u00e4r \u00e4r n\u00e5gra anv\u00e4ndbara l\u00e4nkar:[\/vc_column_text][\/vc_column][\/vc_row]<\/p>\n","protected":false},"author":1,"featured_media":0,"parent":0,"menu_order":0,"comment_status":"closed","ping_status":"closed","template":"","meta":{"footnotes":""},"class_list":["post-1017","page","type-page","status-publish","hentry","entry","no-media"],"_links":{"self":[{"href":"https:\/\/strike11.com\/sv\/wp-json\/wp\/v2\/pages\/1017","targetHints":{"allow":["GET"]}}],"collection":[{"href":"https:\/\/strike11.com\/sv\/wp-json\/wp\/v2\/pages"}],"about":[{"href":"https:\/\/strike11.com\/sv\/wp-json\/wp\/v2\/types\/page"}],"author":[{"embeddable":true,"href":"https:\/\/strike11.com\/sv\/wp-json\/wp\/v2\/users\/1"}],"replies":[{"embeddable":true,"href":"https:\/\/strike11.com\/sv\/wp-json\/wp\/v2\/comments?post=1017"}],"version-history":[{"count":3,"href":"https:\/\/strike11.com\/sv\/wp-json\/wp\/v2\/pages\/1017\/revisions"}],"predecessor-version":[{"id":1054,"href":"https:\/\/strike11.com\/sv\/wp-json\/wp\/v2\/pages\/1017\/revisions\/1054"}],"wp:attachment":[{"href":"https:\/\/strike11.com\/sv\/wp-json\/wp\/v2\/media?parent=1017"}],"curies":[{"name":"wp","href":"https:\/\/api.w.org\/{rel}","templated":true}]}}